{"id":47,"date":"2021-03-15T15:50:59","date_gmt":"2021-03-15T14:50:59","guid":{"rendered":"https:\/\/www.theatrecharbon.fr\/sandbox\/?page_id=47"},"modified":"2022-02-16T20:16:34","modified_gmt":"2022-02-16T19:16:34","slug":"espace-pro","status":"publish","type":"page","link":"https:\/\/www.theatrecharbon.fr\/sandbox\/espace-pro\/","title":{"rendered":"Espace pro"},"content":{"rendered":"","protected":true},"excerpt":{"rendered":"","protected":true},"author":1,"featured_media":0,"parent":0,"menu_order":0,"comment_status":"closed","ping_status":"closed","template":"","meta":{"_kad_post_transparent":"","_kad_post_title":"hide","_kad_post_layout":"fullwidth","_kad_post_sidebar_id":"","_kad_post_content_style":"unboxed","_kad_post_vertical_padding":"hide","_kad_post_feature":"hide","_kad_post_feature_position":"","_kad_post_header":false,"_kad_post_footer":false,"cybocfi_hide_featured_image":"","footnotes":""},"class_list":["post-47","page","type-page","status-publish","post-password-required","hentry"],"yoast_head":"<!-- This site is optimized with the Yoast SEO plugin v22.4 - https:\/\/yoast.com\/wordpress\/plugins\/seo\/ -->\n<title>Espace pro - Th\u00e9\u00e2tre Charbon<\/title>\n<meta name=\"robots\" content=\"index, follow, max-snippet:-1, max-image-preview:large, max-video-preview:-1\" \/>\n<link rel=\"canonical\" href=\"https:\/\/www.theatrecharbon.fr\/sandbox\/espace-pro\/\" \/>\n<meta property=\"og:locale\" content=\"fr_FR\" \/>\n<meta property=\"og:type\" content=\"article\" \/>\n<meta property=\"og:title\" content=\"Espace pro - Th\u00e9\u00e2tre Charbon\" \/>\n<meta property=\"og:description\" content=\"Il n\u2019y a pas d\u2019extrait, car cette publication est prot\u00e9g\u00e9e.\" \/>\n<meta property=\"og:url\" content=\"https:\/\/www.theatrecharbon.fr\/sandbox\/espace-pro\/\" \/>\n<meta property=\"og:site_name\" content=\"Th\u00e9\u00e2tre Charbon\" \/>\n<meta property=\"article:publisher\" content=\"https:\/\/www.facebook.com\/theatrecharbon45\" \/>\n<meta property=\"article:modified_time\" content=\"2022-02-16T19:16:34+00:00\" \/>\n<meta name=\"twitter:card\" content=\"summary_large_image\" \/>\n<meta name=\"twitter:label1\" content=\"Dur\u00e9e de lecture estim\u00e9e\" \/>\n\t<meta name=\"twitter:data1\" content=\"8 minutes\" \/>\n<script type=\"application\/ld+json\" class=\"yoast-schema-graph\">{\"@context\":\"https:\/\/schema.org\",\"@graph\":[{\"@type\":\"WebPage\",\"@id\":\"https:\/\/www.theatrecharbon.fr\/sandbox\/espace-pro\/\",\"url\":\"https:\/\/www.theatrecharbon.fr\/sandbox\/espace-pro\/\",\"name\":\"Espace pro - Th\u00e9\u00e2tre Charbon\",\"isPartOf\":{\"@id\":\"https:\/\/www.theatrecharbon.fr\/sandbox\/#website\"},\"datePublished\":\"2021-03-15T14:50:59+00:00\",\"dateModified\":\"2022-02-16T19:16:34+00:00\",\"breadcrumb\":{\"@id\":\"https:\/\/www.theatrecharbon.fr\/sandbox\/espace-pro\/#breadcrumb\"},\"inLanguage\":\"fr-FR\"},{\"@type\":\"WebSite\",\"@id\":\"https:\/\/www.theatrecharbon.fr\/sandbox\/#website\",\"url\":\"https:\/\/www.theatrecharbon.fr\/sandbox\/\",\"name\":\"Th\u00e9\u00e2tre Charbon\",\"description\":\"Une compagnie engag\u00e9e pour son territoire\",\"publisher\":{\"@id\":\"https:\/\/www.theatrecharbon.fr\/sandbox\/#organization\"},\"potentialAction\":[{\"@type\":\"SearchAction\",\"target\":{\"@type\":\"EntryPoint\",\"urlTemplate\":\"https:\/\/www.theatrecharbon.fr\/sandbox\/?s={search_term_string}\"},\"query-input\":\"required name=search_term_string\"}],\"inLanguage\":\"fr-FR\"},{\"@type\":\"Organization\",\"@id\":\"https:\/\/www.theatrecharbon.fr\/sandbox\/#organization\",\"name\":\"Th\u00e9\u00e2tre Charbon\",\"url\":\"https:\/\/www.theatrecharbon.fr\/sandbox\/\",\"logo\":{\"@type\":\"ImageObject\",\"inLanguage\":\"fr-FR\",\"@id\":\"https:\/\/www.theatrecharbon.fr\/sandbox\/#\/schema\/logo\/image\/\",\"url\":\"https:\/\/www.theatrecharbon.fr\/sandbox\/wp-content\/uploads\/2021\/03\/cropped-LOGOTYPE_THEATRE_CHARBON-e1620048345361.png\",\"contentUrl\":\"https:\/\/www.theatrecharbon.fr\/sandbox\/wp-content\/uploads\/2021\/03\/cropped-LOGOTYPE_THEATRE_CHARBON-e1620048345361.png\",\"width\":150,\"height\":104,\"caption\":\"Th\u00e9\u00e2tre Charbon\"},\"image\":{\"@id\":\"https:\/\/www.theatrecharbon.fr\/sandbox\/#\/schema\/logo\/image\/\"},\"sameAs\":[\"https:\/\/www.facebook.com\/theatrecharbon45\",\"https:\/\/www.youtube.com\/channel\/UCUYPyyMIHpxmMW8g_322pEg\"]}]}<\/script>\n<!-- \/ Yoast SEO plugin. -->","yoast_head_json":{"title":"Espace pro - Th\u00e9\u00e2tre Charbon","robots":{"index":"index","follow":"follow","max-snippet":"max-snippet:-1","max-image-preview":"max-image-preview:large","max-video-preview":"max-video-preview:-1"},"canonical":"https:\/\/www.theatrecharbon.fr\/sandbox\/espace-pro\/","og_locale":"fr_FR","og_type":"article","og_title":"Espace pro - Th\u00e9\u00e2tre Charbon","og_description":"Il n\u2019y a pas d\u2019extrait, car cette publication est prot\u00e9g\u00e9e.","og_url":"https:\/\/www.theatrecharbon.fr\/sandbox\/espace-pro\/","og_site_name":"Th\u00e9\u00e2tre Charbon","article_publisher":"https:\/\/www.facebook.com\/theatrecharbon45","article_modified_time":"2022-02-16T19:16:34+00:00","twitter_card":"summary_large_image","twitter_misc":{"Dur\u00e9e de lecture estim\u00e9e":"8 minutes"},"schema":{"@context":"https:\/\/schema.org","@graph":[{"@type":"WebPage","@id":"https:\/\/www.theatrecharbon.fr\/sandbox\/espace-pro\/","url":"https:\/\/www.theatrecharbon.fr\/sandbox\/espace-pro\/","name":"Espace pro - Th\u00e9\u00e2tre Charbon","isPartOf":{"@id":"https:\/\/www.theatrecharbon.fr\/sandbox\/#website"},"datePublished":"2021-03-15T14:50:59+00:00","dateModified":"2022-02-16T19:16:34+00:00","breadcrumb":{"@id":"https:\/\/www.theatrecharbon.fr\/sandbox\/espace-pro\/#breadcrumb"},"inLanguage":"fr-FR"},{"@type":"WebSite","@id":"https:\/\/www.theatrecharbon.fr\/sandbox\/#website","url":"https:\/\/www.theatrecharbon.fr\/sandbox\/","name":"Th\u00e9\u00e2tre Charbon","description":"Une compagnie engag\u00e9e pour son territoire","publisher":{"@id":"https:\/\/www.theatrecharbon.fr\/sandbox\/#organization"},"potentialAction":[{"@type":"SearchAction","target":{"@type":"EntryPoint","urlTemplate":"https:\/\/www.theatrecharbon.fr\/sandbox\/?s={search_term_string}"},"query-input":"required name=search_term_string"}],"inLanguage":"fr-FR"},{"@type":"Organization","@id":"https:\/\/www.theatrecharbon.fr\/sandbox\/#organization","name":"Th\u00e9\u00e2tre Charbon","url":"https:\/\/www.theatrecharbon.fr\/sandbox\/","logo":{"@type":"ImageObject","inLanguage":"fr-FR","@id":"https:\/\/www.theatrecharbon.fr\/sandbox\/#\/schema\/logo\/image\/","url":"https:\/\/www.theatrecharbon.fr\/sandbox\/wp-content\/uploads\/2021\/03\/cropped-LOGOTYPE_THEATRE_CHARBON-e1620048345361.png","contentUrl":"https:\/\/www.theatrecharbon.fr\/sandbox\/wp-content\/uploads\/2021\/03\/cropped-LOGOTYPE_THEATRE_CHARBON-e1620048345361.png","width":150,"height":104,"caption":"Th\u00e9\u00e2tre Charbon"},"image":{"@id":"https:\/\/www.theatrecharbon.fr\/sandbox\/#\/schema\/logo\/image\/"},"sameAs":["https:\/\/www.facebook.com\/theatrecharbon45","https:\/\/www.youtube.com\/channel\/UCUYPyyMIHpxmMW8g_322pEg"]}]}},"_links":{"self":[{"href":"https:\/\/www.theatrecharbon.fr\/sandbox\/wp-json\/wp\/v2\/pages\/47","targetHints":{"allow":["GET"]}}],"collection":[{"href":"https:\/\/www.theatrecharbon.fr\/sandbox\/wp-json\/wp\/v2\/pages"}],"about":[{"href":"https:\/\/www.theatrecharbon.fr\/sandbox\/wp-json\/wp\/v2\/types\/page"}],"author":[{"embeddable":true,"href":"https:\/\/www.theatrecharbon.fr\/sandbox\/wp-json\/wp\/v2\/users\/1"}],"replies":[{"embeddable":true,"href":"https:\/\/www.theatrecharbon.fr\/sandbox\/wp-json\/wp\/v2\/comments?post=47"}],"version-history":[{"count":239,"href":"https:\/\/www.theatrecharbon.fr\/sandbox\/wp-json\/wp\/v2\/pages\/47\/revisions"}],"predecessor-version":[{"id":3897,"href":"https:\/\/www.theatrecharbon.fr\/sandbox\/wp-json\/wp\/v2\/pages\/47\/revisions\/3897"}],"wp:attachment":[{"href":"https:\/\/www.theatrecharbon.fr\/sandbox\/wp-json\/wp\/v2\/media?parent=47"}],"curies":[{"name":"wp","href":"https:\/\/api.w.org\/{rel}","templated":true}]}}