{"id":2861,"date":"2021-06-10T18:23:31","date_gmt":"2021-06-10T16:23:31","guid":{"rendered":"https:\/\/www.theatrecharbon.fr\/sandbox\/?page_id=2861"},"modified":"2021-06-10T18:32:55","modified_gmt":"2021-06-10T16:32:55","slug":"contact-2","status":"publish","type":"page","link":"https:\/\/www.theatrecharbon.fr\/sandbox\/contact-2\/","title":{"rendered":"Contact"},"content":{"rendered":"\t\t<div data-elementor-type=\"wp-page\" data-elementor-id=\"2861\" class=\"elementor elementor-2861\">\n\t\t\t\t\t\t<section class=\"elementor-section elementor-top-section elementor-element elementor-element-3cb8ad38 elementor-section-full_width elementor-section-height-default elementor-section-height-default\" data-id=\"3cb8ad38\" data-element_type=\"section\" data-e-type=\"section\" data-settings=\"{&quot;background_background&quot;:&quot;classic&quot;}\">\n\t\t\t\t\t\t<div class=\"elementor-container elementor-column-gap-default\">\n\t\t\t\t\t<div class=\"elementor-column elementor-col-100 elementor-top-column elementor-element elementor-element-1b73a67f\" data-id=\"1b73a67f\" data-element_type=\"column\" data-e-type=\"column\">\n\t\t\t<div class=\"elementor-widget-wrap elementor-element-populated\">\n\t\t\t\t\t\t<div class=\"elementor-element elementor-element-13231bc1 elementor-widget elementor-widget-text-editor\" data-id=\"13231bc1\" data-element_type=\"widget\" data-e-type=\"widget\" data-widget_type=\"text-editor.default\">\n\t\t\t\t<div class=\"elementor-widget-container\">\n\t\t\t\t\t\t\t\t\t<div class=\"wpforms-container wpforms-container-full wpforms-block\" id=\"wpforms-1797\"><form id=\"wpforms-form-1797\" class=\"wpforms-validate wpforms-form\" data-formid=\"1797\" method=\"post\" enctype=\"multipart\/form-data\" action=\"\/sandbox\/wp-json\/wp\/v2\/pages\/2861\" data-token=\"adfea08a950740d551b1e6e8c5a4c3d5\"><noscript class=\"wpforms-error-noscript\">Veuillez activer JavaScript dans votre navigateur pour remplir ce formulaire.<\/noscript><div class=\"wpforms-field-container\"><div id=\"wpforms-1797-field_0-container\" class=\"wpforms-field wpforms-field-name\" data-field-id=\"0\"><label class=\"wpforms-field-label\" for=\"wpforms-1797-field_0\">Nom <span class=\"wpforms-required-label\">*<\/span><\/label><div class=\"wpforms-field-row wpforms-field-medium\"><div class=\"wpforms-field-row-block wpforms-first wpforms-one-half\"><input type=\"text\" id=\"wpforms-1797-field_0\" class=\"wpforms-field-name-first wpforms-field-required\" name=\"wpforms[fields][0][first]\" placeholder=\"Pr\u00e9nom\" required><label for=\"wpforms-1797-field_0\" class=\"wpforms-field-sublabel after wpforms-sublabel-hide\">Pr\u00e9nom<\/label><\/div><div class=\"wpforms-field-row-block wpforms-one-half\"><input type=\"text\" id=\"wpforms-1797-field_0-last\" class=\"wpforms-field-name-last wpforms-field-required\" name=\"wpforms[fields][0][last]\" placeholder=\"Nom\" required><label for=\"wpforms-1797-field_0-last\" class=\"wpforms-field-sublabel after wpforms-sublabel-hide\">Nom<\/label><\/div><\/div><\/div><div id=\"wpforms-1797-field_1-container\" class=\"wpforms-field wpforms-field-email\" data-field-id=\"1\"><label class=\"wpforms-field-label\" for=\"wpforms-1797-field_1\">E-mail <span class=\"wpforms-required-label\">*<\/span><\/label><input type=\"email\" id=\"wpforms-1797-field_1\" class=\"wpforms-field-medium wpforms-field-required\" name=\"wpforms[fields][1]\" placeholder=\"luninjoie@gmail.com\" spellcheck=\"false\" required><\/div><div id=\"wpforms-1797-field_3-container\" class=\"wpforms-field wpforms-field-checkbox\" data-field-id=\"3\"><label class=\"wpforms-field-label\" for=\"wpforms-1797-field_3\">Je suis<\/label><ul id=\"wpforms-1797-field_3\"><li class=\"choice-1 depth-1\"><input type=\"checkbox\" id=\"wpforms-1797-field_3_1\" name=\"wpforms[fields][3][]\" value=\"Un professionnel\"  ><label class=\"wpforms-field-label-inline\" for=\"wpforms-1797-field_3_1\">Un professionnel<\/label><\/li><li class=\"choice-3 depth-1\"><input type=\"checkbox\" id=\"wpforms-1797-field_3_3\" name=\"wpforms[fields][3][]\" value=\"Un particulier\"  ><label class=\"wpforms-field-label-inline\" for=\"wpforms-1797-field_3_3\">Un particulier<\/label><\/li><\/ul><\/div><div id=\"wpforms-1797-field_4-container\" class=\"wpforms-field wpforms-field-select wpforms-field-select-style-modern\" data-field-id=\"4\"><label class=\"wpforms-field-label\" for=\"wpforms-1797-field_4\">Objet <span class=\"wpforms-required-label\">*<\/span><\/label><select id=\"wpforms-1797-field_4\" class=\"wpforms-field-medium wpforms-field-required choicesjs-select\" data-size-class=\"wpforms-field-row wpforms-field-medium\" data-search-enabled=\"\" name=\"wpforms[fields][4]\" required=\"required\"><option value=\"\" class=\"placeholder\" disabled  selected='selected'>Renseignement(s)<\/option><option value=\"Renseignement(s)\" >Renseignement(s)<\/option><option value=\"Diffusion\" >Diffusion<\/option><option value=\"Autre\" >Autre<\/option><\/select><\/div><div id=\"wpforms-1797-field_2-container\" class=\"wpforms-field wpforms-field-textarea\" data-field-id=\"2\"><label class=\"wpforms-field-label\" for=\"wpforms-1797-field_2\">Commentaire ou message <span class=\"wpforms-required-label\">*<\/span><\/label><textarea id=\"wpforms-1797-field_2\" class=\"wpforms-field-medium wpforms-field-required\" name=\"wpforms[fields][2]\" required><\/textarea><\/div><\/div><!-- .wpforms-field-container --><div class=\"wpforms-submit-container\" ><input type=\"hidden\" name=\"wpforms[id]\" value=\"1797\"><input type=\"hidden\" name=\"wpforms[author]\" value=\"1\"><button type=\"submit\" name=\"wpforms[submit]\" id=\"wpforms-submit-1797\" class=\"wpforms-submit\" data-alt-text=\"Envoi...\" data-submit-text=\"Envoyer\" aria-live=\"assertive\" value=\"wpforms-submit\">Envoyer<\/button><\/div><\/form><\/div>  <!-- .wpforms-container -->\t\t\t\t\t\t\t\t<\/div>\n\t\t\t\t<\/div>\n\t\t\t\t\t<\/div>\n\t\t<\/div>\n\t\t\t\t\t<\/div>\n\t\t<\/section>\n\t\t\t\t<section class=\"elementor-section elementor-top-section elementor-element elementor-element-f0bb721 elementor-section-boxed elementor-section-height-default elementor-section-height-default\" data-id=\"f0bb721\" data-element_type=\"section\" data-e-type=\"section\" data-settings=\"{&quot;background_background&quot;:&quot;classic&quot;}\">\n\t\t\t\t\t\t<div class=\"elementor-container elementor-column-gap-default\">\n\t\t\t\t\t<div class=\"elementor-column elementor-col-100 elementor-top-column elementor-element elementor-element-dd477f8\" data-id=\"dd477f8\" data-element_type=\"column\" data-e-type=\"column\" data-settings=\"{&quot;background_background&quot;:&quot;classic&quot;}\">\n\t\t\t<div class=\"elementor-widget-wrap elementor-element-populated\">\n\t\t\t\t\t\t<div class=\"elementor-element elementor-element-3f617e2 elementor-widget elementor-widget-wpforms\" data-id=\"3f617e2\" data-element_type=\"widget\" data-e-type=\"widget\" data-widget_type=\"wpforms.default\">\n\t\t\t\t<div class=\"elementor-widget-container\">\n\t\t\t\t\t<div class=\"wpforms-container wpforms-container-full\" id=\"wpforms-1797\"><form id=\"wpforms-form-1797\" class=\"wpforms-validate wpforms-form\" data-formid=\"1797\" method=\"post\" enctype=\"multipart\/form-data\" action=\"\/sandbox\/wp-json\/wp\/v2\/pages\/2861\" data-token=\"adfea08a950740d551b1e6e8c5a4c3d5\"><noscript class=\"wpforms-error-noscript\">Veuillez activer JavaScript dans votre navigateur pour remplir ce formulaire.<\/noscript><div class=\"wpforms-field-container\"><div id=\"wpforms-1797-field_0-container\" class=\"wpforms-field wpforms-field-name\" data-field-id=\"0\"><label class=\"wpforms-field-label\" for=\"wpforms-1797-field_0\">Nom <span class=\"wpforms-required-label\">*<\/span><\/label><div class=\"wpforms-field-row wpforms-field-medium\"><div class=\"wpforms-field-row-block wpforms-first wpforms-one-half\"><input type=\"text\" id=\"wpforms-1797-field_0\" class=\"wpforms-field-name-first wpforms-field-required\" name=\"wpforms[fields][0][first]\" placeholder=\"Pr\u00e9nom\" required><label for=\"wpforms-1797-field_0\" class=\"wpforms-field-sublabel after wpforms-sublabel-hide\">Pr\u00e9nom<\/label><\/div><div class=\"wpforms-field-row-block wpforms-one-half\"><input type=\"text\" id=\"wpforms-1797-field_0-last\" class=\"wpforms-field-name-last wpforms-field-required\" name=\"wpforms[fields][0][last]\" placeholder=\"Nom\" required><label for=\"wpforms-1797-field_0-last\" class=\"wpforms-field-sublabel after wpforms-sublabel-hide\">Nom<\/label><\/div><\/div><\/div><div id=\"wpforms-1797-field_1-container\" class=\"wpforms-field wpforms-field-email\" data-field-id=\"1\"><label class=\"wpforms-field-label\" for=\"wpforms-1797-field_1\">E-mail <span class=\"wpforms-required-label\">*<\/span><\/label><input type=\"email\" id=\"wpforms-1797-field_1\" class=\"wpforms-field-medium wpforms-field-required\" name=\"wpforms[fields][1]\" placeholder=\"luninjoie@gmail.com\" spellcheck=\"false\" required><\/div><div id=\"wpforms-1797-field_3-container\" class=\"wpforms-field wpforms-field-checkbox\" data-field-id=\"3\"><label class=\"wpforms-field-label\" for=\"wpforms-1797-field_3\">Je suis<\/label><ul id=\"wpforms-1797-field_3\"><li class=\"choice-1 depth-1\"><input type=\"checkbox\" id=\"wpforms-1797-field_3_1\" name=\"wpforms[fields][3][]\" value=\"Un professionnel\"  ><label class=\"wpforms-field-label-inline\" for=\"wpforms-1797-field_3_1\">Un professionnel<\/label><\/li><li class=\"choice-3 depth-1\"><input type=\"checkbox\" id=\"wpforms-1797-field_3_3\" name=\"wpforms[fields][3][]\" value=\"Un particulier\"  ><label class=\"wpforms-field-label-inline\" for=\"wpforms-1797-field_3_3\">Un particulier<\/label><\/li><\/ul><\/div><div id=\"wpforms-1797-field_4-container\" class=\"wpforms-field wpforms-field-select wpforms-field-select-style-modern\" data-field-id=\"4\"><label class=\"wpforms-field-label\" for=\"wpforms-1797-field_4\">Objet <span class=\"wpforms-required-label\">*<\/span><\/label><select id=\"wpforms-1797-field_4\" class=\"wpforms-field-medium wpforms-field-required choicesjs-select\" data-size-class=\"wpforms-field-row wpforms-field-medium\" data-search-enabled=\"\" name=\"wpforms[fields][4]\" required=\"required\"><option value=\"\" class=\"placeholder\" disabled  selected='selected'>Renseignement(s)<\/option><option value=\"Renseignement(s)\" >Renseignement(s)<\/option><option value=\"Diffusion\" >Diffusion<\/option><option value=\"Autre\" >Autre<\/option><\/select><\/div><div id=\"wpforms-1797-field_2-container\" class=\"wpforms-field wpforms-field-textarea\" data-field-id=\"2\"><label class=\"wpforms-field-label\" for=\"wpforms-1797-field_2\">Commentaire ou message <span class=\"wpforms-required-label\">*<\/span><\/label><textarea id=\"wpforms-1797-field_2\" class=\"wpforms-field-medium wpforms-field-required\" name=\"wpforms[fields][2]\" required><\/textarea><\/div><\/div><!-- .wpforms-field-container --><div class=\"wpforms-submit-container\" ><input type=\"hidden\" name=\"wpforms[id]\" value=\"1797\"><input type=\"hidden\" name=\"wpforms[author]\" value=\"1\"><button type=\"submit\" name=\"wpforms[submit]\" id=\"wpforms-submit-1797\" class=\"wpforms-submit\" data-alt-text=\"Envoi...\" data-submit-text=\"Envoyer\" aria-live=\"assertive\" value=\"wpforms-submit\">Envoyer<\/button><\/div><\/form><\/div>  <!-- .wpforms-container -->\t\t\t\t<\/div>\n\t\t\t\t<\/div>\n\t\t\t\t\t<\/div>\n\t\t<\/div>\n\t\t\t\t\t<\/div>\n\t\t<\/section>\n\t\t\t\t<\/div>\n\t\t","protected":false},"excerpt":{"rendered":"","protected":false},"author":1,"featured_media":0,"parent":0,"menu_order":0,"comment_status":"closed","ping_status":"closed","template":"","meta":{"_kad_post_transparent":"","_kad_post_title":"","_kad_post_layout":"","_kad_post_sidebar_id":"","_kad_post_content_style":"","_kad_post_vertical_padding":"","_kad_post_feature":"","_kad_post_feature_position":"","_kad_post_header":false,"_kad_post_footer":false,"cybocfi_hide_featured_image":"","footnotes":""},"class_list":["post-2861","page","type-page","status-publish","hentry"],"yoast_head":"<!-- This site is optimized with the Yoast SEO plugin v22.4 - https:\/\/yoast.com\/wordpress\/plugins\/seo\/ -->\n<title>Contact - Th\u00e9\u00e2tre Charbon<\/title>\n<meta name=\"robots\" content=\"index, follow, max-snippet:-1, max-image-preview:large, max-video-preview:-1\" \/>\n<link rel=\"canonical\" href=\"https:\/\/www.theatrecharbon.fr\/sandbox\/contact-2\/\" \/>\n<meta property=\"og:locale\" content=\"fr_FR\" \/>\n<meta property=\"og:type\" content=\"article\" \/>\n<meta property=\"og:title\" content=\"Contact - Th\u00e9\u00e2tre Charbon\" \/>\n<meta property=\"og:url\" content=\"https:\/\/www.theatrecharbon.fr\/sandbox\/contact-2\/\" \/>\n<meta property=\"og:site_name\" content=\"Th\u00e9\u00e2tre Charbon\" \/>\n<meta property=\"article:publisher\" content=\"https:\/\/www.facebook.com\/theatrecharbon45\" \/>\n<meta property=\"article:modified_time\" content=\"2021-06-10T16:32:55+00:00\" \/>\n<meta name=\"twitter:card\" content=\"summary_large_image\" \/>\n<script type=\"application\/ld+json\" class=\"yoast-schema-graph\">{\"@context\":\"https:\/\/schema.org\",\"@graph\":[{\"@type\":\"WebPage\",\"@id\":\"https:\/\/www.theatrecharbon.fr\/sandbox\/contact-2\/\",\"url\":\"https:\/\/www.theatrecharbon.fr\/sandbox\/contact-2\/\",\"name\":\"Contact - Th\u00e9\u00e2tre Charbon\",\"isPartOf\":{\"@id\":\"https:\/\/www.theatrecharbon.fr\/sandbox\/#website\"},\"datePublished\":\"2021-06-10T16:23:31+00:00\",\"dateModified\":\"2021-06-10T16:32:55+00:00\",\"breadcrumb\":{\"@id\":\"https:\/\/www.theatrecharbon.fr\/sandbox\/contact-2\/#breadcrumb\"},\"inLanguage\":\"fr-FR\",\"potentialAction\":[{\"@type\":\"ReadAction\",\"target\":[\"https:\/\/www.theatrecharbon.fr\/sandbox\/contact-2\/\"]}]},{\"@type\":\"BreadcrumbList\",\"@id\":\"https:\/\/www.theatrecharbon.fr\/sandbox\/contact-2\/#breadcrumb\",\"itemListElement\":[{\"@type\":\"ListItem\",\"position\":1,\"name\":\"Accueil\",\"item\":\"https:\/\/www.theatrecharbon.fr\/sandbox\/\"},{\"@type\":\"ListItem\",\"position\":2,\"name\":\"Contact\"}]},{\"@type\":\"WebSite\",\"@id\":\"https:\/\/www.theatrecharbon.fr\/sandbox\/#website\",\"url\":\"https:\/\/www.theatrecharbon.fr\/sandbox\/\",\"name\":\"Th\u00e9\u00e2tre Charbon\",\"description\":\"Une compagnie engag\u00e9e pour son territoire\",\"publisher\":{\"@id\":\"https:\/\/www.theatrecharbon.fr\/sandbox\/#organization\"},\"potentialAction\":[{\"@type\":\"SearchAction\",\"target\":{\"@type\":\"EntryPoint\",\"urlTemplate\":\"https:\/\/www.theatrecharbon.fr\/sandbox\/?s={search_term_string}\"},\"query-input\":\"required name=search_term_string\"}],\"inLanguage\":\"fr-FR\"},{\"@type\":\"Organization\",\"@id\":\"https:\/\/www.theatrecharbon.fr\/sandbox\/#organization\",\"name\":\"Th\u00e9\u00e2tre Charbon\",\"url\":\"https:\/\/www.theatrecharbon.fr\/sandbox\/\",\"logo\":{\"@type\":\"ImageObject\",\"inLanguage\":\"fr-FR\",\"@id\":\"https:\/\/www.theatrecharbon.fr\/sandbox\/#\/schema\/logo\/image\/\",\"url\":\"https:\/\/www.theatrecharbon.fr\/sandbox\/wp-content\/uploads\/2021\/03\/cropped-LOGOTYPE_THEATRE_CHARBON-e1620048345361.png\",\"contentUrl\":\"https:\/\/www.theatrecharbon.fr\/sandbox\/wp-content\/uploads\/2021\/03\/cropped-LOGOTYPE_THEATRE_CHARBON-e1620048345361.png\",\"width\":150,\"height\":104,\"caption\":\"Th\u00e9\u00e2tre Charbon\"},\"image\":{\"@id\":\"https:\/\/www.theatrecharbon.fr\/sandbox\/#\/schema\/logo\/image\/\"},\"sameAs\":[\"https:\/\/www.facebook.com\/theatrecharbon45\",\"https:\/\/www.youtube.com\/channel\/UCUYPyyMIHpxmMW8g_322pEg\"]}]}<\/script>\n<!-- \/ Yoast SEO plugin. -->","yoast_head_json":{"title":"Contact - Th\u00e9\u00e2tre Charbon","robots":{"index":"index","follow":"follow","max-snippet":"max-snippet:-1","max-image-preview":"max-image-preview:large","max-video-preview":"max-video-preview:-1"},"canonical":"https:\/\/www.theatrecharbon.fr\/sandbox\/contact-2\/","og_locale":"fr_FR","og_type":"article","og_title":"Contact - Th\u00e9\u00e2tre Charbon","og_url":"https:\/\/www.theatrecharbon.fr\/sandbox\/contact-2\/","og_site_name":"Th\u00e9\u00e2tre Charbon","article_publisher":"https:\/\/www.facebook.com\/theatrecharbon45","article_modified_time":"2021-06-10T16:32:55+00:00","twitter_card":"summary_large_image","schema":{"@context":"https:\/\/schema.org","@graph":[{"@type":"WebPage","@id":"https:\/\/www.theatrecharbon.fr\/sandbox\/contact-2\/","url":"https:\/\/www.theatrecharbon.fr\/sandbox\/contact-2\/","name":"Contact - Th\u00e9\u00e2tre Charbon","isPartOf":{"@id":"https:\/\/www.theatrecharbon.fr\/sandbox\/#website"},"datePublished":"2021-06-10T16:23:31+00:00","dateModified":"2021-06-10T16:32:55+00:00","breadcrumb":{"@id":"https:\/\/www.theatrecharbon.fr\/sandbox\/contact-2\/#breadcrumb"},"inLanguage":"fr-FR","potentialAction":[{"@type":"ReadAction","target":["https:\/\/www.theatrecharbon.fr\/sandbox\/contact-2\/"]}]},{"@type":"BreadcrumbList","@id":"https:\/\/www.theatrecharbon.fr\/sandbox\/contact-2\/#breadcrumb","itemListElement":[{"@type":"ListItem","position":1,"name":"Accueil","item":"https:\/\/www.theatrecharbon.fr\/sandbox\/"},{"@type":"ListItem","position":2,"name":"Contact"}]},{"@type":"WebSite","@id":"https:\/\/www.theatrecharbon.fr\/sandbox\/#website","url":"https:\/\/www.theatrecharbon.fr\/sandbox\/","name":"Th\u00e9\u00e2tre Charbon","description":"Une compagnie engag\u00e9e pour son territoire","publisher":{"@id":"https:\/\/www.theatrecharbon.fr\/sandbox\/#organization"},"potentialAction":[{"@type":"SearchAction","target":{"@type":"EntryPoint","urlTemplate":"https:\/\/www.theatrecharbon.fr\/sandbox\/?s={search_term_string}"},"query-input":"required name=search_term_string"}],"inLanguage":"fr-FR"},{"@type":"Organization","@id":"https:\/\/www.theatrecharbon.fr\/sandbox\/#organization","name":"Th\u00e9\u00e2tre Charbon","url":"https:\/\/www.theatrecharbon.fr\/sandbox\/","logo":{"@type":"ImageObject","inLanguage":"fr-FR","@id":"https:\/\/www.theatrecharbon.fr\/sandbox\/#\/schema\/logo\/image\/","url":"https:\/\/www.theatrecharbon.fr\/sandbox\/wp-content\/uploads\/2021\/03\/cropped-LOGOTYPE_THEATRE_CHARBON-e1620048345361.png","contentUrl":"https:\/\/www.theatrecharbon.fr\/sandbox\/wp-content\/uploads\/2021\/03\/cropped-LOGOTYPE_THEATRE_CHARBON-e1620048345361.png","width":150,"height":104,"caption":"Th\u00e9\u00e2tre Charbon"},"image":{"@id":"https:\/\/www.theatrecharbon.fr\/sandbox\/#\/schema\/logo\/image\/"},"sameAs":["https:\/\/www.facebook.com\/theatrecharbon45","https:\/\/www.youtube.com\/channel\/UCUYPyyMIHpxmMW8g_322pEg"]}]}},"_links":{"self":[{"href":"https:\/\/www.theatrecharbon.fr\/sandbox\/wp-json\/wp\/v2\/pages\/2861","targetHints":{"allow":["GET"]}}],"collection":[{"href":"https:\/\/www.theatrecharbon.fr\/sandbox\/wp-json\/wp\/v2\/pages"}],"about":[{"href":"https:\/\/www.theatrecharbon.fr\/sandbox\/wp-json\/wp\/v2\/types\/page"}],"author":[{"embeddable":true,"href":"https:\/\/www.theatrecharbon.fr\/sandbox\/wp-json\/wp\/v2\/users\/1"}],"replies":[{"embeddable":true,"href":"https:\/\/www.theatrecharbon.fr\/sandbox\/wp-json\/wp\/v2\/comments?post=2861"}],"version-history":[{"count":22,"href":"https:\/\/www.theatrecharbon.fr\/sandbox\/wp-json\/wp\/v2\/pages\/2861\/revisions"}],"predecessor-version":[{"id":2884,"href":"https:\/\/www.theatrecharbon.fr\/sandbox\/wp-json\/wp\/v2\/pages\/2861\/revisions\/2884"}],"wp:attachment":[{"href":"https:\/\/www.theatrecharbon.fr\/sandbox\/wp-json\/wp\/v2\/media?parent=2861"}],"curies":[{"name":"wp","href":"https:\/\/api.w.org\/{rel}","templated":true}]}}