{"id":231,"date":"2021-03-24T09:35:06","date_gmt":"2021-03-24T08:35:06","guid":{"rendered":"https:\/\/www.theatrecharbon.fr\/sandbox\/?page_id=231"},"modified":"2026-05-01T14:39:43","modified_gmt":"2026-05-01T12:39:43","slug":"accueil","status":"publish","type":"page","link":"https:\/\/www.theatrecharbon.fr\/sandbox\/","title":{"rendered":"Accueil"},"content":{"rendered":"<p style=\"text-align: left; padding: 0px 5%;\">Thierry FALVISANER cr\u00e9e en 2011 Th\u00e9\u00e2tre Charbon, pour proposer un travail r\u00e9solument ax\u00e9 sur des probl\u00e9matiques soci\u00e9tales et en lien \u00e9troit avec les publics \u00ab\u00a0les moins habitu\u00e9s\u00a0\u00bb \u00e0 se rendre dans des lieux de culture.<br \/>En janvier 2016, la compagnie entre en r\u00e9sidence de territoire au Th\u00e9\u00e2tre G\u00e9rard Philipe d\u2019Orl\u00e9ans \u2013 La Source, quartier dit sensible.\u00a0Th\u00e9\u00e2tre Charbon est une compagnie de cr\u00e9ation et de diffusion de spectacles vivants.<\/p>\n<p style=\"text-align: left; padding: 0px 5%\">C&rsquo;est aussi une compagnie engag\u00e9e avec une app\u00e9tence vers\u00a0<strong>la m\u00e9diation, l\u2019accompagnement, l\u2019\u00e9ducation, l\u2019insertion.<\/strong>\u00a0<br \/>Le projet se nourrit des rencontres avec les habitants, avec les enfants du quartier, avec les mineurs non accompagn\u00e9s, avec les r\u00e9fugi\u00e9s et migrants et avec les demandeurs d\u2019emplois.<\/p>\n<p style=\"text-align: right; padding: 0px 5%;\"><img decoding=\"async\" class=\"alignleft\" title=\"ABEBE BIKILA \u2013 Claudine CLODELLE (28)\" src=\"https:\/\/www.theatrecharbon.fr\/sandbox\/wp-content\/uploads\/elementor\/thumbs\/ABEBE-BIKILA-Claudine-CLODELLE-28-scaled-p4p33is93tmip1g7zupmpss68q8mlcxrb8dinrvvtc.jpg\" alt=\"ABEBE BIKILA - Claudine CLODELLE (28)\" \/><em>\u00ab Les spectacles et la cr\u00e9ation ne peuvent pas se couper de la r\u00e9alit\u00e9. Etre engag\u00e9 dans un projet de territoire, dans un quartier populaire sans mettre les questions de justice, d&rsquo;\u00e9galit\u00e9, de pouvoir, de violence et de religieux au centre des pr\u00e9occupations, serait un contresens. \u00bb<\/em><\/p>\n<p style=\"text-align: right; padding: 0px 5%;\">Thierry Falvisaner &#8211; Fondateur<\/p>\n<p>&nbsp;<\/p>\n\n\n<p><\/p>\n","protected":false},"excerpt":{"rendered":"<p>Thierry FALVISANER cr\u00e9e en 2011 Th\u00e9\u00e2tre Charbon, pour proposer un travail r\u00e9solument ax\u00e9 sur des probl\u00e9matiques soci\u00e9tales et en lien \u00e9troit avec les publics \u00ab\u00a0les moins habitu\u00e9s\u00a0\u00bb \u00e0 se rendre dans des lieux de culture.En janvier 2016, la compagnie entre en r\u00e9sidence de territoire au Th\u00e9\u00e2tre G\u00e9rard Philipe d\u2019Orl\u00e9ans \u2013 La Source, quartier dit sensible.\u00a0Th\u00e9\u00e2tre&#8230;<\/p>\n","protected":false},"author":1,"featured_media":0,"parent":0,"menu_order":0,"comment_status":"closed","ping_status":"closed","template":"","meta":{"_kad_post_transparent":"","_kad_post_title":"hide","_kad_post_layout":"fullwidth","_kad_post_sidebar_id":"","_kad_post_content_style":"unboxed","_kad_post_vertical_padding":"hide","_kad_post_feature":"hide","_kad_post_feature_position":"","_kad_post_header":false,"_kad_post_footer":false,"_kad_post_classname":"","cybocfi_hide_featured_image":"","footnotes":""},"class_list":["post-231","page","type-page","status-publish","hentry"],"yoast_head":"<!-- This site is optimized with the Yoast SEO plugin v27.5 - https:\/\/yoast.com\/product\/yoast-seo-wordpress\/ -->\n<title>Accueil - Th\u00e9\u00e2tre Charbon<\/title>\n<meta name=\"description\" content=\"Bienvenue sur le site de la Compagnie Th\u00e9\u00e2tre Charbon, une compagnie engag\u00e9e pour son territoire et porteuse de nombreux projets.\" \/>\n<meta name=\"robots\" content=\"index, follow, max-snippet:-1, max-image-preview:large, max-video-preview:-1\" \/>\n<link rel=\"canonical\" href=\"https:\/\/www.theatrecharbon.fr\/sandbox\/\" \/>\n<meta property=\"og:locale\" content=\"fr_FR\" \/>\n<meta property=\"og:type\" content=\"article\" \/>\n<meta property=\"og:title\" content=\"Accueil - Th\u00e9\u00e2tre Charbon\" \/>\n<meta property=\"og:description\" content=\"Bienvenue sur le site de la Compagnie Th\u00e9\u00e2tre Charbon, une compagnie engag\u00e9e pour son territoire et porteuse de nombreux projets.\" \/>\n<meta property=\"og:url\" content=\"https:\/\/www.theatrecharbon.fr\/sandbox\/\" \/>\n<meta property=\"og:site_name\" content=\"Th\u00e9\u00e2tre Charbon\" \/>\n<meta property=\"article:publisher\" content=\"https:\/\/www.facebook.com\/theatrecharbon45\" \/>\n<meta property=\"article:modified_time\" content=\"2026-05-01T12:39:43+00:00\" \/>\n<meta property=\"og:image\" content=\"https:\/\/www.theatrecharbon.fr\/sandbox\/wp-content\/uploads\/elementor\/thumbs\/ABEBE-BIKILA-Claudine-CLODELLE-28-scaled-p4p33is93tmip1g7zupmpss68q8mlcxrb8dinrvvtc.jpg\" \/>\n<meta name=\"twitter:card\" content=\"summary_large_image\" \/>\n<meta name=\"twitter:label1\" content=\"Dur\u00e9e de lecture estim\u00e9e\" \/>\n\t<meta name=\"twitter:data1\" content=\"1 minute\" \/>\n<script type=\"application\/ld+json\" class=\"yoast-schema-graph\">{\"@context\":\"https:\\\/\\\/schema.org\",\"@graph\":[{\"@type\":\"WebPage\",\"@id\":\"https:\\\/\\\/www.theatrecharbon.fr\\\/sandbox\\\/\",\"url\":\"https:\\\/\\\/www.theatrecharbon.fr\\\/sandbox\\\/\",\"name\":\"Accueil - Th\u00e9\u00e2tre Charbon\",\"isPartOf\":{\"@id\":\"https:\\\/\\\/www.theatrecharbon.fr\\\/sandbox\\\/#website\"},\"primaryImageOfPage\":{\"@id\":\"https:\\\/\\\/www.theatrecharbon.fr\\\/sandbox\\\/#primaryimage\"},\"image\":{\"@id\":\"https:\\\/\\\/www.theatrecharbon.fr\\\/sandbox\\\/#primaryimage\"},\"thumbnailUrl\":\"https:\\\/\\\/www.theatrecharbon.fr\\\/sandbox\\\/wp-content\\\/uploads\\\/elementor\\\/thumbs\\\/ABEBE-BIKILA-Claudine-CLODELLE-28-scaled-p4p33is93tmip1g7zupmpss68q8mlcxrb8dinrvvtc.jpg\",\"datePublished\":\"2021-03-24T08:35:06+00:00\",\"dateModified\":\"2026-05-01T12:39:43+00:00\",\"description\":\"Bienvenue sur le site de la Compagnie Th\u00e9\u00e2tre Charbon, une compagnie engag\u00e9e pour son territoire et porteuse de nombreux projets.\",\"breadcrumb\":{\"@id\":\"https:\\\/\\\/www.theatrecharbon.fr\\\/sandbox\\\/#breadcrumb\"},\"inLanguage\":\"fr-FR\",\"potentialAction\":[{\"@type\":\"ReadAction\",\"target\":[\"https:\\\/\\\/www.theatrecharbon.fr\\\/sandbox\\\/\"]}]},{\"@type\":\"ImageObject\",\"inLanguage\":\"fr-FR\",\"@id\":\"https:\\\/\\\/www.theatrecharbon.fr\\\/sandbox\\\/#primaryimage\",\"url\":\"https:\\\/\\\/www.theatrecharbon.fr\\\/sandbox\\\/wp-content\\\/uploads\\\/elementor\\\/thumbs\\\/ABEBE-BIKILA-Claudine-CLODELLE-28-scaled-p4p33is93tmip1g7zupmpss68q8mlcxrb8dinrvvtc.jpg\",\"contentUrl\":\"https:\\\/\\\/www.theatrecharbon.fr\\\/sandbox\\\/wp-content\\\/uploads\\\/elementor\\\/thumbs\\\/ABEBE-BIKILA-Claudine-CLODELLE-28-scaled-p4p33is93tmip1g7zupmpss68q8mlcxrb8dinrvvtc.jpg\"},{\"@type\":\"BreadcrumbList\",\"@id\":\"https:\\\/\\\/www.theatrecharbon.fr\\\/sandbox\\\/#breadcrumb\",\"itemListElement\":[{\"@type\":\"ListItem\",\"position\":1,\"name\":\"Accueil\",\"item\":\"https:\\\/\\\/www.theatrecharbon.fr\\\/sandbox\\\/\"},{\"@type\":\"ListItem\",\"position\":2,\"name\":\"Accueil\"}]},{\"@type\":\"WebSite\",\"@id\":\"https:\\\/\\\/www.theatrecharbon.fr\\\/sandbox\\\/#website\",\"url\":\"https:\\\/\\\/www.theatrecharbon.fr\\\/sandbox\\\/\",\"name\":\"Th\u00e9\u00e2tre Charbon\",\"description\":\"Une compagnie engag\u00e9e pour son territoire\",\"publisher\":{\"@id\":\"https:\\\/\\\/www.theatrecharbon.fr\\\/sandbox\\\/#organization\"},\"potentialAction\":[{\"@type\":\"SearchAction\",\"target\":{\"@type\":\"EntryPoint\",\"urlTemplate\":\"https:\\\/\\\/www.theatrecharbon.fr\\\/sandbox\\\/?s={search_term_string}\"},\"query-input\":{\"@type\":\"PropertyValueSpecification\",\"valueRequired\":true,\"valueName\":\"search_term_string\"}}],\"inLanguage\":\"fr-FR\"},{\"@type\":\"Organization\",\"@id\":\"https:\\\/\\\/www.theatrecharbon.fr\\\/sandbox\\\/#organization\",\"name\":\"Th\u00e9\u00e2tre Charbon\",\"url\":\"https:\\\/\\\/www.theatrecharbon.fr\\\/sandbox\\\/\",\"logo\":{\"@type\":\"ImageObject\",\"inLanguage\":\"fr-FR\",\"@id\":\"https:\\\/\\\/www.theatrecharbon.fr\\\/sandbox\\\/#\\\/schema\\\/logo\\\/image\\\/\",\"url\":\"https:\\\/\\\/www.theatrecharbon.fr\\\/sandbox\\\/wp-content\\\/uploads\\\/2021\\\/03\\\/cropped-LOGOTYPE_THEATRE_CHARBON-e1620048345361.png\",\"contentUrl\":\"https:\\\/\\\/www.theatrecharbon.fr\\\/sandbox\\\/wp-content\\\/uploads\\\/2021\\\/03\\\/cropped-LOGOTYPE_THEATRE_CHARBON-e1620048345361.png\",\"width\":150,\"height\":104,\"caption\":\"Th\u00e9\u00e2tre Charbon\"},\"image\":{\"@id\":\"https:\\\/\\\/www.theatrecharbon.fr\\\/sandbox\\\/#\\\/schema\\\/logo\\\/image\\\/\"},\"sameAs\":[\"https:\\\/\\\/www.facebook.com\\\/theatrecharbon45\",\"https:\\\/\\\/www.youtube.com\\\/channel\\\/UCUYPyyMIHpxmMW8g_322pEg\"]}]}<\/script>\n<!-- \/ Yoast SEO plugin. -->","yoast_head_json":{"title":"Accueil - Th\u00e9\u00e2tre Charbon","description":"Bienvenue sur le site de la Compagnie Th\u00e9\u00e2tre Charbon, une compagnie engag\u00e9e pour son territoire et porteuse de nombreux projets.","robots":{"index":"index","follow":"follow","max-snippet":"max-snippet:-1","max-image-preview":"max-image-preview:large","max-video-preview":"max-video-preview:-1"},"canonical":"https:\/\/www.theatrecharbon.fr\/sandbox\/","og_locale":"fr_FR","og_type":"article","og_title":"Accueil - Th\u00e9\u00e2tre Charbon","og_description":"Bienvenue sur le site de la Compagnie Th\u00e9\u00e2tre Charbon, une compagnie engag\u00e9e pour son territoire et porteuse de nombreux projets.","og_url":"https:\/\/www.theatrecharbon.fr\/sandbox\/","og_site_name":"Th\u00e9\u00e2tre Charbon","article_publisher":"https:\/\/www.facebook.com\/theatrecharbon45","article_modified_time":"2026-05-01T12:39:43+00:00","og_image":[{"url":"https:\/\/www.theatrecharbon.fr\/sandbox\/wp-content\/uploads\/elementor\/thumbs\/ABEBE-BIKILA-Claudine-CLODELLE-28-scaled-p4p33is93tmip1g7zupmpss68q8mlcxrb8dinrvvtc.jpg","type":"","width":"","height":""}],"twitter_card":"summary_large_image","twitter_misc":{"Dur\u00e9e de lecture estim\u00e9e":"1 minute"},"schema":{"@context":"https:\/\/schema.org","@graph":[{"@type":"WebPage","@id":"https:\/\/www.theatrecharbon.fr\/sandbox\/","url":"https:\/\/www.theatrecharbon.fr\/sandbox\/","name":"Accueil - Th\u00e9\u00e2tre Charbon","isPartOf":{"@id":"https:\/\/www.theatrecharbon.fr\/sandbox\/#website"},"primaryImageOfPage":{"@id":"https:\/\/www.theatrecharbon.fr\/sandbox\/#primaryimage"},"image":{"@id":"https:\/\/www.theatrecharbon.fr\/sandbox\/#primaryimage"},"thumbnailUrl":"https:\/\/www.theatrecharbon.fr\/sandbox\/wp-content\/uploads\/elementor\/thumbs\/ABEBE-BIKILA-Claudine-CLODELLE-28-scaled-p4p33is93tmip1g7zupmpss68q8mlcxrb8dinrvvtc.jpg","datePublished":"2021-03-24T08:35:06+00:00","dateModified":"2026-05-01T12:39:43+00:00","description":"Bienvenue sur le site de la Compagnie Th\u00e9\u00e2tre Charbon, une compagnie engag\u00e9e pour son territoire et porteuse de nombreux projets.","breadcrumb":{"@id":"https:\/\/www.theatrecharbon.fr\/sandbox\/#breadcrumb"},"inLanguage":"fr-FR","potentialAction":[{"@type":"ReadAction","target":["https:\/\/www.theatrecharbon.fr\/sandbox\/"]}]},{"@type":"ImageObject","inLanguage":"fr-FR","@id":"https:\/\/www.theatrecharbon.fr\/sandbox\/#primaryimage","url":"https:\/\/www.theatrecharbon.fr\/sandbox\/wp-content\/uploads\/elementor\/thumbs\/ABEBE-BIKILA-Claudine-CLODELLE-28-scaled-p4p33is93tmip1g7zupmpss68q8mlcxrb8dinrvvtc.jpg","contentUrl":"https:\/\/www.theatrecharbon.fr\/sandbox\/wp-content\/uploads\/elementor\/thumbs\/ABEBE-BIKILA-Claudine-CLODELLE-28-scaled-p4p33is93tmip1g7zupmpss68q8mlcxrb8dinrvvtc.jpg"},{"@type":"BreadcrumbList","@id":"https:\/\/www.theatrecharbon.fr\/sandbox\/#breadcrumb","itemListElement":[{"@type":"ListItem","position":1,"name":"Accueil","item":"https:\/\/www.theatrecharbon.fr\/sandbox\/"},{"@type":"ListItem","position":2,"name":"Accueil"}]},{"@type":"WebSite","@id":"https:\/\/www.theatrecharbon.fr\/sandbox\/#website","url":"https:\/\/www.theatrecharbon.fr\/sandbox\/","name":"Th\u00e9\u00e2tre Charbon","description":"Une compagnie engag\u00e9e pour son territoire","publisher":{"@id":"https:\/\/www.theatrecharbon.fr\/sandbox\/#organization"},"potentialAction":[{"@type":"SearchAction","target":{"@type":"EntryPoint","urlTemplate":"https:\/\/www.theatrecharbon.fr\/sandbox\/?s={search_term_string}"},"query-input":{"@type":"PropertyValueSpecification","valueRequired":true,"valueName":"search_term_string"}}],"inLanguage":"fr-FR"},{"@type":"Organization","@id":"https:\/\/www.theatrecharbon.fr\/sandbox\/#organization","name":"Th\u00e9\u00e2tre Charbon","url":"https:\/\/www.theatrecharbon.fr\/sandbox\/","logo":{"@type":"ImageObject","inLanguage":"fr-FR","@id":"https:\/\/www.theatrecharbon.fr\/sandbox\/#\/schema\/logo\/image\/","url":"https:\/\/www.theatrecharbon.fr\/sandbox\/wp-content\/uploads\/2021\/03\/cropped-LOGOTYPE_THEATRE_CHARBON-e1620048345361.png","contentUrl":"https:\/\/www.theatrecharbon.fr\/sandbox\/wp-content\/uploads\/2021\/03\/cropped-LOGOTYPE_THEATRE_CHARBON-e1620048345361.png","width":150,"height":104,"caption":"Th\u00e9\u00e2tre Charbon"},"image":{"@id":"https:\/\/www.theatrecharbon.fr\/sandbox\/#\/schema\/logo\/image\/"},"sameAs":["https:\/\/www.facebook.com\/theatrecharbon45","https:\/\/www.youtube.com\/channel\/UCUYPyyMIHpxmMW8g_322pEg"]}]}},"_links":{"self":[{"href":"https:\/\/www.theatrecharbon.fr\/sandbox\/wp-json\/wp\/v2\/pages\/231","targetHints":{"allow":["GET"]}}],"collection":[{"href":"https:\/\/www.theatrecharbon.fr\/sandbox\/wp-json\/wp\/v2\/pages"}],"about":[{"href":"https:\/\/www.theatrecharbon.fr\/sandbox\/wp-json\/wp\/v2\/types\/page"}],"author":[{"embeddable":true,"href":"https:\/\/www.theatrecharbon.fr\/sandbox\/wp-json\/wp\/v2\/users\/1"}],"replies":[{"embeddable":true,"href":"https:\/\/www.theatrecharbon.fr\/sandbox\/wp-json\/wp\/v2\/comments?post=231"}],"version-history":[{"count":707,"href":"https:\/\/www.theatrecharbon.fr\/sandbox\/wp-json\/wp\/v2\/pages\/231\/revisions"}],"predecessor-version":[{"id":4252,"href":"https:\/\/www.theatrecharbon.fr\/sandbox\/wp-json\/wp\/v2\/pages\/231\/revisions\/4252"}],"wp:attachment":[{"href":"https:\/\/www.theatrecharbon.fr\/sandbox\/wp-json\/wp\/v2\/media?parent=231"}],"curies":[{"name":"wp","href":"https:\/\/api.w.org\/{rel}","templated":true}]}}